{"id":29,"date":"2020-09-22T13:46:51","date_gmt":"2020-09-22T11:46:51","guid":{"rendered":"http:\/\/ferdailleur.com\/?page_id=29"},"modified":"2021-02-28T13:41:51","modified_gmt":"2021-02-28T12:41:51","slug":"bestioles","status":"publish","type":"page","link":"https:\/\/ferdailleur.com\/?page_id=29","title":{"rendered":"Bestioles"},"content":{"rendered":"\t\t<div data-elementor-type=\"wp-page\" data-elementor-id=\"29\" class=\"elementor elementor-29\" data-elementor-settings=\"[]\">\n\t\t\t\t\t\t<div class=\"elementor-inner\">\n\t\t\t\t\t\t\t<div class=\"elementor-section-wrap\">\n\t\t\t\t\t\t\t<section class=\"elementor-section elementor-top-section elementor-element elementor-element-cf1e107 elementor-section-boxed elementor-section-height-default elementor-section-height-default\" data-id=\"cf1e107\" data-element_type=\"section\" data-settings=\"{&quot;background_background&quot;:&quot;classic&quot;}\">\n\t\t\t\t\t\t<div class=\"elementor-container elementor-column-gap-default\">\n\t\t\t\t\t\t\t<div class=\"elementor-row\">\n\t\t\t\t\t<div class=\"elementor-column elementor-col-100 elementor-top-column elementor-element elementor-element-5065bb2\" data-id=\"5065bb2\" data-element_type=\"column\">\n\t\t\t<div class=\"elementor-column-wrap elementor-element-populated\">\n\t\t\t\t\t\t\t<div class=\"elementor-widget-wrap\">\n\t\t\t\t\t\t<div class=\"elementor-element elementor-element-88cb3e2 elementor-widget elementor-widget-text-editor\" data-id=\"88cb3e2\" data-element_type=\"widget\" data-widget_type=\"text-editor.default\">\n\t\t\t\t<div class=\"elementor-widget-container\">\n\t\t\t\t\t<div class=\"elementor-text-editor elementor-clearfix\"><p>Bestioles<\/p><\/div>\n\t\t\t\t<\/div>\n\t\t\t\t<\/div>\n\t\t\t\t<div class=\"elementor-element elementor-element-5a09bd7 elementor-widget-divider--view-line elementor-widget elementor-widget-divider\" data-id=\"5a09bd7\" data-element_type=\"widget\" data-widget_type=\"divider.default\">\n\t\t\t\t<div class=\"elementor-widget-container\">\n\t\t\t\t\t<div class=\"elementor-divider\">\n\t\t\t<span class=\"elementor-divider-separator\">\n\t\t\t\t\t\t<\/span>\n\t\t<\/div>\n\t\t\t\t<\/div>\n\t\t\t\t<\/div>\n\t\t\t\t\t\t<\/div>\n\t\t\t\t\t<\/div>\n\t\t<\/div>\n\t\t\t\t\t\t\t\t<\/div>\n\t\t\t\t\t<\/div>\n\t\t<\/section>\n\t\t\t\t<section class=\"elementor-section elementor-top-section elementor-element elementor-element-9a4bb23 elementor-section-height-min-height elementor-section-items-top elementor-section-content-top elementor-section-boxed elementor-section-height-default\" data-id=\"9a4bb23\" data-element_type=\"section\" data-settings=\"{&quot;background_background&quot;:&quot;classic&quot;}\">\n\t\t\t\t\t\t<div class=\"elementor-container elementor-column-gap-default\">\n\t\t\t\t\t\t\t<div class=\"elementor-row\">\n\t\t\t\t\t<div class=\"elementor-column elementor-col-33 elementor-top-column elementor-element elementor-element-6f1c472\" data-id=\"6f1c472\" data-element_type=\"column\">\n\t\t\t<div class=\"elementor-column-wrap elementor-element-populated\">\n\t\t\t\t\t\t\t<div class=\"elementor-widget-wrap\">\n\t\t\t\t\t\t<div class=\"elementor-element elementor-element-0d0ca07 elementor-widget elementor-widget-image\" data-id=\"0d0ca07\" data-element_type=\"widget\" data-widget_type=\"image.default\">\n\t\t\t\t<div class=\"elementor-widget-container\">\n\t\t\t\t\t<div class=\"elementor-image\">\n\t\t\t\t\t\t\t\t\t\t\t<a href=\"https:\/\/ferdailleur.com\/?page_id=379\" target=\"_blank\">\n\t\t\t\t\t\t\t<img width=\"1024\" height=\"608\" src=\"https:\/\/ferdailleur.com\/wp-content\/uploads\/2020\/09\/ikan-poisson-cleamolette-ferdailleur-1024x608.jpg\" class=\"attachment-large size-large\" alt=\"ikan poisson cleamolette ferdailleur 1024x608 Bestioles\" loading=\"lazy\" srcset=\"https:\/\/ferdailleur.com\/wp-content\/uploads\/2020\/09\/ikan-poisson-cleamolette-ferdailleur-1024x608.jpg 1024w, https:\/\/ferdailleur.com\/wp-content\/uploads\/2020\/09\/ikan-poisson-cleamolette-ferdailleur-300x178.jpg 300w, https:\/\/ferdailleur.com\/wp-content\/uploads\/2020\/09\/ikan-poisson-cleamolette-ferdailleur-768x456.jpg 768w, https:\/\/ferdailleur.com\/wp-content\/uploads\/2020\/09\/ikan-poisson-cleamolette-ferdailleur-1536x912.jpg 1536w, https:\/\/ferdailleur.com\/wp-content\/uploads\/2020\/09\/ikan-poisson-cleamolette-ferdailleur.jpg 1600w\" sizes=\"(max-width: 1024px) 100vw, 1024px\" title=\"Bestioles\" \/>\t\t\t\t\t\t\t\t<\/a>\n\t\t\t\t\t\t\t\t\t\t\t<\/div>\n\t\t\t\t<\/div>\n\t\t\t\t<\/div>\n\t\t\t\t\t\t<\/div>\n\t\t\t\t\t<\/div>\n\t\t<\/div>\n\t\t\t\t<div class=\"elementor-column elementor-col-33 elementor-top-column elementor-element elementor-element-90daf8c\" data-id=\"90daf8c\" data-element_type=\"column\">\n\t\t\t<div class=\"elementor-column-wrap elementor-element-populated\">\n\t\t\t\t\t\t\t<div class=\"elementor-widget-wrap\">\n\t\t\t\t\t\t<div class=\"elementor-element elementor-element-ed536a7 elementor-widget elementor-widget-image\" data-id=\"ed536a7\" data-element_type=\"widget\" data-widget_type=\"image.default\">\n\t\t\t\t<div class=\"elementor-widget-container\">\n\t\t\t\t\t<div class=\"elementor-image\">\n\t\t\t\t\t\t\t\t\t\t\t<a href=\"https:\/\/ferdailleur.com\/?page_id=384\">\n\t\t\t\t\t\t\t<img width=\"1024\" height=\"608\" src=\"https:\/\/ferdailleur.com\/wp-content\/uploads\/2020\/09\/lalat-insecte-bali-recyclage-ferdailleur-1024x608.jpg\" class=\"attachment-large size-large\" alt=\"lalat insecte bali recyclage ferdailleur 1024x608 Bestioles\" loading=\"lazy\" srcset=\"https:\/\/ferdailleur.com\/wp-content\/uploads\/2020\/09\/lalat-insecte-bali-recyclage-ferdailleur-1024x608.jpg 1024w, https:\/\/ferdailleur.com\/wp-content\/uploads\/2020\/09\/lalat-insecte-bali-recyclage-ferdailleur-300x178.jpg 300w, https:\/\/ferdailleur.com\/wp-content\/uploads\/2020\/09\/lalat-insecte-bali-recyclage-ferdailleur-768x456.jpg 768w, https:\/\/ferdailleur.com\/wp-content\/uploads\/2020\/09\/lalat-insecte-bali-recyclage-ferdailleur-1536x912.jpg 1536w, https:\/\/ferdailleur.com\/wp-content\/uploads\/2020\/09\/lalat-insecte-bali-recyclage-ferdailleur.jpg 1600w\" sizes=\"(max-width: 1024px) 100vw, 1024px\" title=\"Bestioles\" \/>\t\t\t\t\t\t\t\t<\/a>\n\t\t\t\t\t\t\t\t\t\t\t<\/div>\n\t\t\t\t<\/div>\n\t\t\t\t<\/div>\n\t\t\t\t\t\t<\/div>\n\t\t\t\t\t<\/div>\n\t\t<\/div>\n\t\t\t\t<div class=\"elementor-column elementor-col-33 elementor-top-column elementor-element elementor-element-e299ac3\" data-id=\"e299ac3\" data-element_type=\"column\">\n\t\t\t<div class=\"elementor-column-wrap elementor-element-populated\">\n\t\t\t\t\t\t\t<div class=\"elementor-widget-wrap\">\n\t\t\t\t\t\t<div class=\"elementor-element elementor-element-7003312 elementor-widget elementor-widget-image\" data-id=\"7003312\" data-element_type=\"widget\" data-widget_type=\"image.default\">\n\t\t\t\t<div class=\"elementor-widget-container\">\n\t\t\t\t\t<div class=\"elementor-image\">\n\t\t\t\t\t\t\t\t\t\t\t<a href=\"https:\/\/ferdailleur.com\/?page_id=1261\">\n\t\t\t\t\t\t\t<img width=\"1024\" height=\"608\" src=\"https:\/\/ferdailleur.com\/wp-content\/uploads\/2021\/02\/AYAM-1024x608.jpg\" class=\"attachment-large size-large\" alt=\"AYAM 1024x608 Bestioles\" loading=\"lazy\" srcset=\"https:\/\/ferdailleur.com\/wp-content\/uploads\/2021\/02\/AYAM-1024x608.jpg 1024w, https:\/\/ferdailleur.com\/wp-content\/uploads\/2021\/02\/AYAM-300x178.jpg 300w, https:\/\/ferdailleur.com\/wp-content\/uploads\/2021\/02\/AYAM-768x456.jpg 768w, https:\/\/ferdailleur.com\/wp-content\/uploads\/2021\/02\/AYAM-1536x912.jpg 1536w, https:\/\/ferdailleur.com\/wp-content\/uploads\/2021\/02\/AYAM.jpg 1600w\" sizes=\"(max-width: 1024px) 100vw, 1024px\" title=\"Bestioles\" \/>\t\t\t\t\t\t\t\t<\/a>\n\t\t\t\t\t\t\t\t\t\t\t<\/div>\n\t\t\t\t<\/div>\n\t\t\t\t<\/div>\n\t\t\t\t\t\t<\/div>\n\t\t\t\t\t<\/div>\n\t\t<\/div>\n\t\t\t\t\t\t\t\t<\/div>\n\t\t\t\t\t<\/div>\n\t\t<\/section>\n\t\t\t\t\t\t<\/div>\n\t\t\t\t\t\t<\/div>\n\t\t\t\t\t<\/div>\n\t\t","protected":false},"excerpt":{"rendered":"<p>Bestioles<\/p>\n","protected":false},"author":1,"featured_media":0,"parent":0,"menu_order":0,"comment_status":"closed","ping_status":"closed","template":"","meta":[],"yoast_head":"<!-- This site is optimized with the Yoast SEO plugin v15.5 - https:\/\/yoast.com\/wordpress\/plugins\/seo\/ -->\n<title>Bestioles - ferdailleur<\/title>\n<meta name=\"description\" content=\"Carroussel de bestioles en objets recycl\u00e9s, soud\u00e9es \u00e0 l&#039;arc. Chaque photo renvoie \u00e0 un gros plan avec explicatif des objet utilis\u00e9s.\" \/>\n<meta name=\"robots\" content=\"index, follow, max-snippet:-1, max-image-preview:large, max-video-preview:-1\" \/>\n<link rel=\"canonical\" href=\"https:\/\/ferdailleur.com\/?page_id=29\" \/>\n<meta property=\"og:locale\" content=\"fr_FR\" \/>\n<meta property=\"og:type\" content=\"article\" \/>\n<meta property=\"og:title\" content=\"Bestioles - ferdailleur\" \/>\n<meta property=\"og:description\" content=\"Carroussel de bestioles en objets recycl\u00e9s, soud\u00e9es \u00e0 l&#039;arc. Chaque photo renvoie \u00e0 un gros plan avec explicatif des objet utilis\u00e9s.\" \/>\n<meta property=\"og:url\" content=\"https:\/\/ferdailleur.com\/?page_id=29\" \/>\n<meta property=\"og:site_name\" content=\"ferdailleur\" \/>\n<meta property=\"article:modified_time\" content=\"2021-02-28T12:41:51+00:00\" \/>\n<meta property=\"og:image\" content=\"https:\/\/ferdailleur.com\/wp-content\/uploads\/2020\/09\/ikan-poisson-cleamolette-ferdailleur-1024x608.jpg\" \/>\n<meta name=\"twitter:card\" content=\"summary_large_image\" \/>\n<meta name=\"twitter:label1\" content=\"Dur\u00e9e de lecture est.\">\n\t<meta name=\"twitter:data1\" content=\"0 minute\">\n<script type=\"application\/ld+json\" class=\"yoast-schema-graph\">{\"@context\":\"https:\/\/schema.org\",\"@graph\":[{\"@type\":[\"Person\",\"Organization\"],\"@id\":\"https:\/\/ferdailleur.com\/#\/schema\/person\/90372d083cf1140f786439133afb2e3c\",\"name\":\"anncmarie\",\"image\":{\"@type\":\"ImageObject\",\"@id\":\"https:\/\/ferdailleur.com\/#personlogo\",\"inLanguage\":\"fr-FR\",\"url\":\"https:\/\/secure.gravatar.com\/avatar\/ad96f36ae1bd655176c7503c99441812?s=96&d=mm&r=g\",\"caption\":\"anncmarie\"},\"logo\":{\"@id\":\"https:\/\/ferdailleur.com\/#personlogo\"},\"sameAs\":[\"http:\/\/ferdailleur.com\"]},{\"@type\":\"WebSite\",\"@id\":\"https:\/\/ferdailleur.com\/#website\",\"url\":\"https:\/\/ferdailleur.com\/\",\"name\":\"ferdailleur.com\",\"description\":\"Sculptures \\u00e0 partir d&#039;objets recycl\\u00e9s. Soudure \\u00e0 l&#039;arc.\",\"publisher\":{\"@id\":\"https:\/\/ferdailleur.com\/#\/schema\/person\/90372d083cf1140f786439133afb2e3c\"},\"potentialAction\":[{\"@type\":\"SearchAction\",\"target\":\"https:\/\/ferdailleur.com\/?s={search_term_string}\",\"query-input\":\"required name=search_term_string\"}],\"inLanguage\":\"fr-FR\"},{\"@type\":\"ImageObject\",\"@id\":\"https:\/\/ferdailleur.com\/?page_id=29#primaryimage\",\"inLanguage\":\"fr-FR\",\"url\":\"https:\/\/ferdailleur.com\/wp-content\/uploads\/2020\/09\/ikan-poisson-cleamolette-ferdailleur.jpg\",\"width\":1600,\"height\":950,\"caption\":\"sculpture soudure art africain recup objet recycl\\u00e9 poisson cl\\u00e9 \\u00e0 molette pince ferdailleur\"},{\"@type\":\"WebPage\",\"@id\":\"https:\/\/ferdailleur.com\/?page_id=29#webpage\",\"url\":\"https:\/\/ferdailleur.com\/?page_id=29\",\"name\":\"Bestioles - ferdailleur\",\"isPartOf\":{\"@id\":\"https:\/\/ferdailleur.com\/#website\"},\"primaryImageOfPage\":{\"@id\":\"https:\/\/ferdailleur.com\/?page_id=29#primaryimage\"},\"datePublished\":\"2020-09-22T11:46:51+00:00\",\"dateModified\":\"2021-02-28T12:41:51+00:00\",\"description\":\"Carroussel de bestioles en objets recycl\\u00e9s, soud\\u00e9es \\u00e0 l'arc. Chaque photo renvoie \\u00e0 un gros plan avec explicatif des objet utilis\\u00e9s.\",\"inLanguage\":\"fr-FR\",\"potentialAction\":[{\"@type\":\"ReadAction\",\"target\":[\"https:\/\/ferdailleur.com\/?page_id=29\"]}]}]}<\/script>\n<!-- \/ Yoast SEO plugin. -->","_links":{"self":[{"href":"https:\/\/ferdailleur.com\/index.php?rest_route=\/wp\/v2\/pages\/29"}],"collection":[{"href":"https:\/\/ferdailleur.com\/index.php?rest_route=\/wp\/v2\/pages"}],"about":[{"href":"https:\/\/ferdailleur.com\/index.php?rest_route=\/wp\/v2\/types\/page"}],"author":[{"embeddable":true,"href":"https:\/\/ferdailleur.com\/index.php?rest_route=\/wp\/v2\/users\/1"}],"replies":[{"embeddable":true,"href":"https:\/\/ferdailleur.com\/index.php?rest_route=%2Fwp%2Fv2%2Fcomments&post=29"}],"version-history":[{"count":32,"href":"https:\/\/ferdailleur.com\/index.php?rest_route=\/wp\/v2\/pages\/29\/revisions"}],"predecessor-version":[{"id":1277,"href":"https:\/\/ferdailleur.com\/index.php?rest_route=\/wp\/v2\/pages\/29\/revisions\/1277"}],"wp:attachment":[{"href":"https:\/\/ferdailleur.com\/index.php?rest_route=%2Fwp%2Fv2%2Fmedia&parent=29"}],"curies":[{"name":"wp","href":"https:\/\/api.w.org\/{rel}","templated":true}]}}