{"id":346,"date":"2020-09-24T09:52:30","date_gmt":"2020-09-24T07:52:30","guid":{"rendered":"http:\/\/ferdailleur.com\/?page_id=346"},"modified":"2020-10-06T16:48:09","modified_gmt":"2020-10-06T14:48:09","slug":"lutteur","status":"publish","type":"page","link":"https:\/\/ferdailleur.com\/?page_id=346","title":{"rendered":"Lutteur"},"content":{"rendered":"\t\t<div data-elementor-type=\"wp-page\" data-elementor-id=\"346\" class=\"elementor elementor-346\" data-elementor-settings=\"[]\">\n\t\t\t\t\t\t<div class=\"elementor-inner\">\n\t\t\t\t\t\t\t<div class=\"elementor-section-wrap\">\n\t\t\t\t\t\t\t<section class=\"elementor-section elementor-top-section elementor-element elementor-element-4d420c12 elementor-section-height-min-height elementor-section-boxed elementor-section-height-default elementor-section-items-middle\" data-id=\"4d420c12\" data-element_type=\"section\" data-settings=\"{&quot;background_background&quot;:&quot;classic&quot;}\">\n\t\t\t\t\t\t<div class=\"elementor-container elementor-column-gap-default\">\n\t\t\t\t\t\t\t<div class=\"elementor-row\">\n\t\t\t\t\t<div class=\"elementor-column elementor-col-50 elementor-top-column elementor-element elementor-element-7ae928af\" data-id=\"7ae928af\" data-element_type=\"column\" data-settings=\"{&quot;background_background&quot;:&quot;classic&quot;}\">\n\t\t\t<div class=\"elementor-column-wrap elementor-element-populated\">\n\t\t\t\t\t\t\t<div class=\"elementor-widget-wrap\">\n\t\t\t\t\t\t<div class=\"elementor-element elementor-element-6a665716 elementor-hidden-phone elementor-widget elementor-widget-text-editor\" data-id=\"6a665716\" data-element_type=\"widget\" data-widget_type=\"text-editor.default\">\n\t\t\t\t<div class=\"elementor-widget-container\">\n\t\t\t\t\t<div class=\"elementor-text-editor elementor-clearfix\"><p>LUTTEUR<\/p><\/div>\n\t\t\t\t<\/div>\n\t\t\t\t<\/div>\n\t\t\t\t<div class=\"elementor-element elementor-element-4f6baf7f elementor-hidden-phone elementor-widget elementor-widget-text-editor\" data-id=\"4f6baf7f\" data-element_type=\"widget\" data-widget_type=\"text-editor.default\">\n\t\t\t\t<div class=\"elementor-widget-container\">\n\t\t\t\t\t<div class=\"elementor-text-editor elementor-clearfix\"><p>Pioche, \u00e9l\u00e9ment de charrue<\/p><\/div>\n\t\t\t\t<\/div>\n\t\t\t\t<\/div>\n\t\t\t\t<div class=\"elementor-element elementor-element-795216bc elementor-hidden-phone elementor-widget elementor-widget-text-editor\" data-id=\"795216bc\" data-element_type=\"widget\" data-widget_type=\"text-editor.default\">\n\t\t\t\t<div class=\"elementor-widget-container\">\n\t\t\t\t\t<div class=\"elementor-text-editor elementor-clearfix\"><p>95 cm<\/p><\/div>\n\t\t\t\t<\/div>\n\t\t\t\t<\/div>\n\t\t\t\t\t\t<\/div>\n\t\t\t\t\t<\/div>\n\t\t<\/div>\n\t\t\t\t<div class=\"elementor-column elementor-col-50 elementor-top-column elementor-element elementor-element-35e362d0\" data-id=\"35e362d0\" data-element_type=\"column\">\n\t\t\t<div class=\"elementor-column-wrap\">\n\t\t\t\t\t\t\t<div class=\"elementor-widget-wrap\">\n\t\t\t\t\t\t\t\t<\/div>\n\t\t\t\t\t<\/div>\n\t\t<\/div>\n\t\t\t\t\t\t\t\t<\/div>\n\t\t\t\t\t<\/div>\n\t\t<\/section>\n\t\t\t\t\t\t<\/div>\n\t\t\t\t\t\t<\/div>\n\t\t\t\t\t<\/div>\n\t\t","protected":false},"excerpt":{"rendered":"<p>LUTTEUR Pioche, \u00e9l\u00e9ment de charrue 95 cm<\/p>\n","protected":false},"author":1,"featured_media":0,"parent":0,"menu_order":0,"comment_status":"closed","ping_status":"closed","template":"","meta":[],"yoast_head":"<!-- This site is optimized with the Yoast SEO plugin v15.5 - https:\/\/yoast.com\/wordpress\/plugins\/seo\/ -->\n<title>Lutteur - ferdailleur<\/title>\n<meta name=\"description\" content=\"Sculpture constitu\u00e9e de pioche, \u00e9l\u00e9ment de charrue. Collier d\u00e9coratif et perles en verre du S\u00e9n\u00e9gal. R\u00e9alis\u00e9e \u00e0 la soudure \u00e0 l&#039;arc. Guerrier.\" \/>\n<meta name=\"robots\" content=\"index, follow, max-snippet:-1, max-image-preview:large, max-video-preview:-1\" \/>\n<link rel=\"canonical\" href=\"https:\/\/ferdailleur.com\/?page_id=346\" \/>\n<meta property=\"og:locale\" content=\"fr_FR\" \/>\n<meta property=\"og:type\" content=\"article\" \/>\n<meta property=\"og:title\" content=\"Lutteur - ferdailleur\" \/>\n<meta property=\"og:description\" content=\"Sculpture constitu\u00e9e de pioche, \u00e9l\u00e9ment de charrue. Collier d\u00e9coratif et perles en verre du S\u00e9n\u00e9gal. R\u00e9alis\u00e9e \u00e0 la soudure \u00e0 l&#039;arc. Guerrier.\" \/>\n<meta property=\"og:url\" content=\"https:\/\/ferdailleur.com\/?page_id=346\" \/>\n<meta property=\"og:site_name\" content=\"ferdailleur\" \/>\n<meta property=\"article:modified_time\" content=\"2020-10-06T14:48:09+00:00\" \/>\n<meta name=\"twitter:card\" content=\"summary_large_image\" \/>\n<meta name=\"twitter:label1\" content=\"Dur\u00e9e de lecture est.\">\n\t<meta name=\"twitter:data1\" content=\"0 minute\">\n<script type=\"application\/ld+json\" class=\"yoast-schema-graph\">{\"@context\":\"https:\/\/schema.org\",\"@graph\":[{\"@type\":[\"Person\",\"Organization\"],\"@id\":\"https:\/\/ferdailleur.com\/#\/schema\/person\/90372d083cf1140f786439133afb2e3c\",\"name\":\"anncmarie\",\"image\":{\"@type\":\"ImageObject\",\"@id\":\"https:\/\/ferdailleur.com\/#personlogo\",\"inLanguage\":\"fr-FR\",\"url\":\"https:\/\/secure.gravatar.com\/avatar\/ad96f36ae1bd655176c7503c99441812?s=96&d=mm&r=g\",\"caption\":\"anncmarie\"},\"logo\":{\"@id\":\"https:\/\/ferdailleur.com\/#personlogo\"},\"sameAs\":[\"http:\/\/ferdailleur.com\"]},{\"@type\":\"WebSite\",\"@id\":\"https:\/\/ferdailleur.com\/#website\",\"url\":\"https:\/\/ferdailleur.com\/\",\"name\":\"ferdailleur.com\",\"description\":\"Sculptures \\u00e0 partir d&#039;objets recycl\\u00e9s. Soudure \\u00e0 l&#039;arc.\",\"publisher\":{\"@id\":\"https:\/\/ferdailleur.com\/#\/schema\/person\/90372d083cf1140f786439133afb2e3c\"},\"potentialAction\":[{\"@type\":\"SearchAction\",\"target\":\"https:\/\/ferdailleur.com\/?s={search_term_string}\",\"query-input\":\"required name=search_term_string\"}],\"inLanguage\":\"fr-FR\"},{\"@type\":\"WebPage\",\"@id\":\"https:\/\/ferdailleur.com\/?page_id=346#webpage\",\"url\":\"https:\/\/ferdailleur.com\/?page_id=346\",\"name\":\"Lutteur - ferdailleur\",\"isPartOf\":{\"@id\":\"https:\/\/ferdailleur.com\/#website\"},\"datePublished\":\"2020-09-24T07:52:30+00:00\",\"dateModified\":\"2020-10-06T14:48:09+00:00\",\"description\":\"Sculpture constitu\\u00e9e de pioche, \\u00e9l\\u00e9ment de charrue. Collier d\\u00e9coratif et perles en verre du S\\u00e9n\\u00e9gal. R\\u00e9alis\\u00e9e \\u00e0 la soudure \\u00e0 l'arc. Guerrier.\",\"inLanguage\":\"fr-FR\",\"potentialAction\":[{\"@type\":\"ReadAction\",\"target\":[\"https:\/\/ferdailleur.com\/?page_id=346\"]}]}]}<\/script>\n<!-- \/ Yoast SEO plugin. -->","_links":{"self":[{"href":"https:\/\/ferdailleur.com\/index.php?rest_route=\/wp\/v2\/pages\/346"}],"collection":[{"href":"https:\/\/ferdailleur.com\/index.php?rest_route=\/wp\/v2\/pages"}],"about":[{"href":"https:\/\/ferdailleur.com\/index.php?rest_route=\/wp\/v2\/types\/page"}],"author":[{"embeddable":true,"href":"https:\/\/ferdailleur.com\/index.php?rest_route=\/wp\/v2\/users\/1"}],"replies":[{"embeddable":true,"href":"https:\/\/ferdailleur.com\/index.php?rest_route=%2Fwp%2Fv2%2Fcomments&post=346"}],"version-history":[{"count":11,"href":"https:\/\/ferdailleur.com\/index.php?rest_route=\/wp\/v2\/pages\/346\/revisions"}],"predecessor-version":[{"id":1033,"href":"https:\/\/ferdailleur.com\/index.php?rest_route=\/wp\/v2\/pages\/346\/revisions\/1033"}],"wp:attachment":[{"href":"https:\/\/ferdailleur.com\/index.php?rest_route=%2Fwp%2Fv2%2Fmedia&parent=346"}],"curies":[{"name":"wp","href":"https:\/\/api.w.org\/{rel}","templated":true}]}}