{"id":388,"date":"2020-09-24T10:47:01","date_gmt":"2020-09-24T08:47:01","guid":{"rendered":"http:\/\/ferdailleur.com\/?page_id=388"},"modified":"2020-10-07T09:55:37","modified_gmt":"2020-10-07T07:55:37","slug":"abel-cain","status":"publish","type":"page","link":"https:\/\/ferdailleur.com\/?page_id=388","title":{"rendered":"ABEL &#038; CA\u00cfN"},"content":{"rendered":"\t\t<div data-elementor-type=\"wp-page\" data-elementor-id=\"388\" class=\"elementor elementor-388\" data-elementor-settings=\"[]\">\n\t\t\t\t\t\t<div class=\"elementor-inner\">\n\t\t\t\t\t\t\t<div class=\"elementor-section-wrap\">\n\t\t\t\t\t\t\t<section class=\"elementor-section elementor-top-section elementor-element elementor-element-2cc4b7b7 elementor-section-height-min-height elementor-section-boxed elementor-section-height-default elementor-section-items-middle\" data-id=\"2cc4b7b7\" data-element_type=\"section\" data-settings=\"{&quot;background_background&quot;:&quot;classic&quot;}\">\n\t\t\t\t\t\t<div class=\"elementor-container elementor-column-gap-default\">\n\t\t\t\t\t\t\t<div class=\"elementor-row\">\n\t\t\t\t\t<div class=\"elementor-column elementor-col-50 elementor-top-column elementor-element elementor-element-b4f08ab\" data-id=\"b4f08ab\" data-element_type=\"column\" data-settings=\"{&quot;background_background&quot;:&quot;classic&quot;}\">\n\t\t\t<div class=\"elementor-column-wrap elementor-element-populated\">\n\t\t\t\t\t\t\t<div class=\"elementor-widget-wrap\">\n\t\t\t\t\t\t<div class=\"elementor-element elementor-element-6b0ba9b0 elementor-hidden-phone elementor-widget elementor-widget-text-editor\" data-id=\"6b0ba9b0\" data-element_type=\"widget\" data-widget_type=\"text-editor.default\">\n\t\t\t\t<div class=\"elementor-widget-container\">\n\t\t\t\t\t<div class=\"elementor-text-editor elementor-clearfix\"><p>ABEL &amp; CA\u00cfN<\/p><\/div>\n\t\t\t\t<\/div>\n\t\t\t\t<\/div>\n\t\t\t\t<div class=\"elementor-element elementor-element-628132df elementor-hidden-phone elementor-widget elementor-widget-text-editor\" data-id=\"628132df\" data-element_type=\"widget\" data-widget_type=\"text-editor.default\">\n\t\t\t\t<div class=\"elementor-widget-container\">\n\t\t\t\t\t<div class=\"elementor-text-editor elementor-clearfix\"><p>Griffes d&rsquo;\u00e9lagage, bouteille de gaz, roulement \u00e0 billes<\/p><\/div>\n\t\t\t\t<\/div>\n\t\t\t\t<\/div>\n\t\t\t\t<div class=\"elementor-element elementor-element-235879a5 elementor-hidden-phone elementor-widget elementor-widget-text-editor\" data-id=\"235879a5\" data-element_type=\"widget\" data-widget_type=\"text-editor.default\">\n\t\t\t\t<div class=\"elementor-widget-container\">\n\t\t\t\t\t<div class=\"elementor-text-editor elementor-clearfix\"><p>25 cm<\/p><\/div>\n\t\t\t\t<\/div>\n\t\t\t\t<\/div>\n\t\t\t\t\t\t<\/div>\n\t\t\t\t\t<\/div>\n\t\t<\/div>\n\t\t\t\t<div class=\"elementor-column elementor-col-50 elementor-top-column elementor-element elementor-element-6475e6e7\" data-id=\"6475e6e7\" data-element_type=\"column\">\n\t\t\t<div class=\"elementor-column-wrap\">\n\t\t\t\t\t\t\t<div class=\"elementor-widget-wrap\">\n\t\t\t\t\t\t\t\t<\/div>\n\t\t\t\t\t<\/div>\n\t\t<\/div>\n\t\t\t\t\t\t\t\t<\/div>\n\t\t\t\t\t<\/div>\n\t\t<\/section>\n\t\t\t\t\t\t<\/div>\n\t\t\t\t\t\t<\/div>\n\t\t\t\t\t<\/div>\n\t\t","protected":false},"excerpt":{"rendered":"<p>ABEL &amp; CA\u00cfN Griffes d&rsquo;\u00e9lagage, bouteille de gaz, roulement \u00e0 billes 25 cm<\/p>\n","protected":false},"author":1,"featured_media":0,"parent":0,"menu_order":0,"comment_status":"closed","ping_status":"closed","template":"","meta":[],"yoast_head":"<!-- This site is optimized with the Yoast SEO plugin v15.5 - https:\/\/yoast.com\/wordpress\/plugins\/seo\/ -->\n<title>ABEL &amp; CA\u00cfN - ferdailleur<\/title>\n<meta name=\"description\" content=\"Sculpture, soudure \u00e0 l&#039;arc, masque, art africain, r\u00e9cup\u00e9ration, objet recycl\u00e9, masque, dyptique, ferdailleur. Outil d&#039;\u00e9lagage. Fils de fer.\" \/>\n<meta name=\"robots\" content=\"index, follow, max-snippet:-1, max-image-preview:large, max-video-preview:-1\" \/>\n<link rel=\"canonical\" href=\"https:\/\/ferdailleur.com\/?page_id=388\" \/>\n<meta property=\"og:locale\" content=\"fr_FR\" \/>\n<meta property=\"og:type\" content=\"article\" \/>\n<meta property=\"og:title\" content=\"ABEL &amp; CA\u00cfN - ferdailleur\" \/>\n<meta property=\"og:description\" content=\"Sculpture, soudure \u00e0 l&#039;arc, masque, art africain, r\u00e9cup\u00e9ration, objet recycl\u00e9, masque, dyptique, ferdailleur. Outil d&#039;\u00e9lagage. Fils de fer.\" \/>\n<meta property=\"og:url\" content=\"https:\/\/ferdailleur.com\/?page_id=388\" \/>\n<meta property=\"og:site_name\" content=\"ferdailleur\" \/>\n<meta property=\"article:modified_time\" content=\"2020-10-07T07:55:37+00:00\" \/>\n<meta name=\"twitter:card\" content=\"summary_large_image\" \/>\n<meta name=\"twitter:label1\" content=\"Dur\u00e9e de lecture est.\">\n\t<meta name=\"twitter:data1\" content=\"0 minute\">\n<script type=\"application\/ld+json\" class=\"yoast-schema-graph\">{\"@context\":\"https:\/\/schema.org\",\"@graph\":[{\"@type\":[\"Person\",\"Organization\"],\"@id\":\"https:\/\/ferdailleur.com\/#\/schema\/person\/90372d083cf1140f786439133afb2e3c\",\"name\":\"anncmarie\",\"image\":{\"@type\":\"ImageObject\",\"@id\":\"https:\/\/ferdailleur.com\/#personlogo\",\"inLanguage\":\"fr-FR\",\"url\":\"https:\/\/secure.gravatar.com\/avatar\/ad96f36ae1bd655176c7503c99441812?s=96&d=mm&r=g\",\"caption\":\"anncmarie\"},\"logo\":{\"@id\":\"https:\/\/ferdailleur.com\/#personlogo\"},\"sameAs\":[\"http:\/\/ferdailleur.com\"]},{\"@type\":\"WebSite\",\"@id\":\"https:\/\/ferdailleur.com\/#website\",\"url\":\"https:\/\/ferdailleur.com\/\",\"name\":\"ferdailleur.com\",\"description\":\"Sculptures \\u00e0 partir d&#039;objets recycl\\u00e9s. Soudure \\u00e0 l&#039;arc.\",\"publisher\":{\"@id\":\"https:\/\/ferdailleur.com\/#\/schema\/person\/90372d083cf1140f786439133afb2e3c\"},\"potentialAction\":[{\"@type\":\"SearchAction\",\"target\":\"https:\/\/ferdailleur.com\/?s={search_term_string}\",\"query-input\":\"required name=search_term_string\"}],\"inLanguage\":\"fr-FR\"},{\"@type\":\"WebPage\",\"@id\":\"https:\/\/ferdailleur.com\/?page_id=388#webpage\",\"url\":\"https:\/\/ferdailleur.com\/?page_id=388\",\"name\":\"ABEL & CA\\u00cfN - ferdailleur\",\"isPartOf\":{\"@id\":\"https:\/\/ferdailleur.com\/#website\"},\"datePublished\":\"2020-09-24T08:47:01+00:00\",\"dateModified\":\"2020-10-07T07:55:37+00:00\",\"description\":\"Sculpture, soudure \\u00e0 l'arc, masque, art africain, r\\u00e9cup\\u00e9ration, objet recycl\\u00e9, masque, dyptique, ferdailleur. Outil d'\\u00e9lagage. Fils de fer.\",\"inLanguage\":\"fr-FR\",\"potentialAction\":[{\"@type\":\"ReadAction\",\"target\":[\"https:\/\/ferdailleur.com\/?page_id=388\"]}]}]}<\/script>\n<!-- \/ Yoast SEO plugin. -->","_links":{"self":[{"href":"https:\/\/ferdailleur.com\/index.php?rest_route=\/wp\/v2\/pages\/388"}],"collection":[{"href":"https:\/\/ferdailleur.com\/index.php?rest_route=\/wp\/v2\/pages"}],"about":[{"href":"https:\/\/ferdailleur.com\/index.php?rest_route=\/wp\/v2\/types\/page"}],"author":[{"embeddable":true,"href":"https:\/\/ferdailleur.com\/index.php?rest_route=\/wp\/v2\/users\/1"}],"replies":[{"embeddable":true,"href":"https:\/\/ferdailleur.com\/index.php?rest_route=%2Fwp%2Fv2%2Fcomments&post=388"}],"version-history":[{"count":27,"href":"https:\/\/ferdailleur.com\/index.php?rest_route=\/wp\/v2\/pages\/388\/revisions"}],"predecessor-version":[{"id":1053,"href":"https:\/\/ferdailleur.com\/index.php?rest_route=\/wp\/v2\/pages\/388\/revisions\/1053"}],"wp:attachment":[{"href":"https:\/\/ferdailleur.com\/index.php?rest_route=%2Fwp%2Fv2%2Fmedia&parent=388"}],"curies":[{"name":"wp","href":"https:\/\/api.w.org\/{rel}","templated":true}]}}